{"id":7032,"date":"2020-05-01T06:12:20","date_gmt":"2020-05-01T06:12:20","guid":{"rendered":"https:\/\/s1060957425.onlinehome.fr\/?page_id=7032"},"modified":"2026-02-18T17:48:12","modified_gmt":"2026-02-18T17:48:12","slug":"confidentialite-des-donnes","status":"publish","type":"page","link":"https:\/\/iem-agility.com\/index.php\/confidentialite-des-donnes\/","title":{"rendered":"CONFIDENTIALIT\u00c9 DES DONN\u00c9ES"},"content":{"rendered":"<p>Dans le cadre de l\u2019entr\u00e9e en vigueur du R\u00e8glement G\u00e9n\u00e9ral sur la Protection des Donn\u00e9es (RGPD) dans toute l\u2019Union europ\u00e9enne, nous souhaitons vous pr\u00e9senter les donn\u00e9es que nous collectons et traitons ainsi que notre politique de confidentialit\u00e9 associ\u00e9e.<\/p>\n<h2>LES INFORMATIONS COLLECT\u00c9ES ET TRAIT\u00c9ES PAR IEM AGILITY<\/h2>\n<p>Dans le cadre de nos activit\u00e9s, nous sommes amen\u00e9s \u00e0 collecter et traiter les donn\u00e9es personnelles de nos prospects, clients, partenaires\u2026<\/p>\n<ul>\n<li>Pr\u00e9nom et nom<\/li>\n<li>Adresse email<\/li>\n<li>Num\u00e9ro de t\u00e9l\u00e9phone et de fax<\/li>\n<li>Adresse professionnelle<\/li>\n<li>Fonction<\/li>\n<li>Organisation (entreprise ou organisme public)<\/li>\n<li>Secteur d\u2019activit\u00e9 professionnel<\/li>\n<li>Centre d\u2019int\u00e9r\u00eat sur nos th\u00e8mes<\/li>\n<li>Origine du contact (r\u00e9seau professionnel ou autre)<\/li>\n<li>Historique des prises de contacts (envoi de devis, factures, etc)<\/li>\n<\/ul>\n<h2>LA S\u00c9CURISATION DES INFORMATIONS COLLECT\u00c9ES ET TRAIT\u00c9ES PAR IEM AGILITY<\/h2>\n<p>Nous nous engageons \u00e0 collecter et traiter uniquement les donn\u00e9es strictement n\u00e9cessaires \u00e0 notre d\u00e9marche commerciale, au bon d\u00e9roulement de nos missions d\u2019accompagnement, de formation, d\u2019animation, au fonctionnement des outils web que nous vous proposons ainsi qu\u2019au respect de nos obligations. De plus, dans le cadre de nos activit\u00e9s, nous ne collectons et ne traitons aucune donn\u00e9e dite sensible.<\/p>\n<p>Nous nous engageons \u00e0 prot\u00e9ger votre vie priv\u00e9e et prendre toutes les pr\u00e9cautions \u00a0n\u00e9cessaires avec vos informations personnelles, ne les utilisant que conform\u00e9ment \u00e0 la loi sur la protection des donn\u00e9es de 1998 et aux communications \u00e9lectroniques (2000\/58 \/ EC) et au R\u00e8glement G\u00e9n\u00e9ral sur la Protection des Donn\u00e9es (RGPD).<\/p>\n<p>L\u2019acc\u00e8s aux informations personnelles est strictement r\u00e9serv\u00e9 \u00e0 Faustine Vidal, g\u00e9rante de IEM Agility.<\/p>\n<p>Dans le cadre de l\u2019utilisation de certains de nos outils digitaux ou de nos d\u00e9marches commerciales ou de prospection, nous pouvons \u00eatre amen\u00e9s \u00e0 vous demander des informations sur une autre personne de votre entreprise. Avant de soumettre leurs informations personnelles, il est de votre responsabilit\u00e9 de leur expliquer comment nous pr\u00e9voyons d\u2019utiliser leurs donn\u00e9es et d\u2019obtenir leur consentement pour les utiliser.<\/p>\n<h2>VOS DROITS SUR VOS DONN\u00c9ES<\/h2>\n<p>Si vous avez des questions ou si vous souhaitez consulter, v\u00e9rifier l\u2019exactitude, faire rectifier, demander la suppression, l\u2019effacement ou la limitation de l\u2019utilisation de vos donn\u00e9es personnelles,\u00a0 vous pouvez me contacter \u00e0 l&rsquo;adresse suivante faustine.vidal@iem-agility.com.<\/p>\n\n\n<p><\/p>\n","protected":false},"excerpt":{"rendered":"<p>Dans le cadre de l\u2019entr\u00e9e en vigueur du R\u00e8glement G\u00e9n\u00e9ral sur la Protection des Donn\u00e9es (RGPD) dans toute l\u2019Union europ\u00e9enne, nous souhaitons vous pr\u00e9senter les donn\u00e9es que nous collectons et traitons ainsi que notre politique de confidentialit\u00e9 associ\u00e9e. LES INFORMATIONS COLLECT\u00c9ES ET TRAIT\u00c9ES PAR IEM AGILITY Dans le cadre de nos activit\u00e9s, nous sommes amen\u00e9s&hellip;<\/p>\n","protected":false},"author":1,"featured_media":0,"parent":0,"menu_order":0,"comment_status":"closed","ping_status":"closed","template":"","meta":{"footnotes":""},"class_list":["post-7032","page","type-page","status-publish","hentry","description-off"],"_links":{"self":[{"href":"https:\/\/iem-agility.com\/index.php\/wp-json\/wp\/v2\/pages\/7032","targetHints":{"allow":["GET"]}}],"collection":[{"href":"https:\/\/iem-agility.com\/index.php\/wp-json\/wp\/v2\/pages"}],"about":[{"href":"https:\/\/iem-agility.com\/index.php\/wp-json\/wp\/v2\/types\/page"}],"author":[{"embeddable":true,"href":"https:\/\/iem-agility.com\/index.php\/wp-json\/wp\/v2\/users\/1"}],"replies":[{"embeddable":true,"href":"https:\/\/iem-agility.com\/index.php\/wp-json\/wp\/v2\/comments?post=7032"}],"version-history":[{"count":5,"href":"https:\/\/iem-agility.com\/index.php\/wp-json\/wp\/v2\/pages\/7032\/revisions"}],"predecessor-version":[{"id":7708,"href":"https:\/\/iem-agility.com\/index.php\/wp-json\/wp\/v2\/pages\/7032\/revisions\/7708"}],"wp:attachment":[{"href":"https:\/\/iem-agility.com\/index.php\/wp-json\/wp\/v2\/media?parent=7032"}],"curies":[{"name":"wp","href":"https:\/\/api.w.org\/{rel}","templated":true}]}}