{"id":7522,"date":"2024-11-22T17:19:21","date_gmt":"2024-11-22T17:19:21","guid":{"rendered":"https:\/\/s1060957425.onlinehome.fr\/?page_id=7522"},"modified":"2026-02-27T09:50:01","modified_gmt":"2026-02-27T09:50:01","slug":"bilans","status":"publish","type":"page","link":"https:\/\/iem-agility.com\/index.php\/prestations-comment-travailler-ensemble\/bilans\/","title":{"rendered":"Le Bilan de Comp\u00e9tences"},"content":{"rendered":"<div class=\"wpb-content-wrapper\"><p>[vc_row][vc_column width=\u00a0\u00bb1\/4&Prime;][vc_single_image image=\u00a0\u00bb7746&Prime; img_size=\u00a0\u00bbfull\u00a0\u00bb css=\u00a0\u00bb\u00a0\u00bb][\/vc_column][vc_column width=\u00a0\u00bb3\/4&Prime;][vc_column_text css=\u00a0\u00bb\u00a0\u00bb]<\/p>\n<h1>Positionnez vous comme partenaire de travers\u00e9e !<\/h1>\n<p>Les doutes et questionnements font pleinement partie de la gestion de carri\u00e8re, les accompagner c\u2019est se positionner comme un partenaire de travers\u00e9e ! Vos salari\u00e9s seront guid\u00e9s pour passer vers une nouvelle \u00e9tape, <em>gr\u00e2ce \u00e0 vous<\/em> !<\/p>\n<p>Souvent associ\u00e9 \u00e0 tord au d\u00e9part du salari\u00e9, le Bilan de comp\u00e9tences est aussi un moyen de fid\u00e9liser et de faire grandir en interne. Il permet :<\/p>\n<ul>\n<li>d&rsquo;assoir ses comp\u00e9tences, de consolider ses aptitudes et de comprendre ses aspirations pour continuer \u00e0 b\u00e2tir sa carri\u00e8re en interne.<\/li>\n<li>d&rsquo;ancrer sa position avec motivation,<\/li>\n<li>de r\u00e9ajuster sa posture,<\/li>\n<li>de retrouver de l&rsquo;envie et du sens dans des p\u00e9riodes difficiles<\/li>\n<li>de maitriser sa trajectoire de carri\u00e8re en \u00e9tant pleinement acteur \u2026 autant d&rsquo;objectifs \u00e0 accompagner autour de la carri\u00e8re professionnelle.<\/li>\n<\/ul>\n<p>[\/vc_column_text][\/vc_column][\/vc_row][vc_row][vc_column][vc_empty_space height=\u00a0\u00bb50px\u00a0\u00bb][\/vc_column][\/vc_row][vc_row bg_type=\u00a0\u00bbimage\u00a0\u00bb parallax_style=\u00a0\u00bbvcpb-default\u00a0\u00bb bg_image_new=\u00a0\u00bbid^7356|url^https:\/\/iem-agility.com\/wp-content\/uploads\/2024\/09\/10.webp|caption^null|alt^null|title^10|description^null\u00a0\u00bb][vc_column][vc_column_text css=\u00a0\u00bb\u00a0\u00bb]<\/p>\n<h1 style=\"text-align: center;\">Un format norm\u00e9 avec des \u00e9tapes cl\u00e9s<\/h1>\n<p>[\/vc_column_text][\/vc_column][\/vc_row][vc_row][vc_column][vc_empty_space height=\u00a0\u00bb50px\u00a0\u00bb][\/vc_column][\/vc_row][vc_row][vc_column width=\u00a0\u00bb1\/3&Prime;][vc_row_inner][vc_column_inner width=\u00a0\u00bb1\/4&Prime;][vc_icon icon_fontawesome=\u00a0\u00bbfa fa-solid fa-handshake-angle\u00a0\u00bb color=\u00a0\u00bbgreen\u00a0\u00bb size=\u00a0\u00bblg\u00a0\u00bb css=\u00a0\u00bb\u00a0\u00bb][\/vc_column_inner][vc_column_inner width=\u00a0\u00bb3\/4&Prime;][vc_column_text css=\u00a0\u00bb\u00a0\u00bb]<\/p>\n<h3 style=\"text-align: left;\">Une Phase Pr\u00e9liminaire<\/h3>\n<p>[\/vc_column_text][\/vc_column_inner][\/vc_row_inner][vc_empty_space][vc_column_text css=\u00a0\u00bb\u00a0\u00bb]Etablissement d&rsquo;un accord tripartite<\/p>\n<p dir=\"ltr\">-Analyse de la demande et de du besoin,<\/p>\n<p dir=\"ltr\">-Identification du format le plus adapt\u00e9 \u00e0 la situation et aux besoins,<\/p>\n<p>-D\u00e9finition des modalit\u00e9s et du d\u00e9roulement du bilan[\/vc_column_text][\/vc_column][vc_column width=\u00a0\u00bb1\/3&Prime;][vc_row_inner][vc_column_inner width=\u00a0\u00bb1\/4&Prime;][vc_icon icon_fontawesome=\u00a0\u00bbfa fa-solid fa-eye\u00a0\u00bb color=\u00a0\u00bbgreen\u00a0\u00bb size=\u00a0\u00bblg\u00a0\u00bb css=\u00a0\u00bb\u00a0\u00bb][\/vc_column_inner][vc_column_inner width=\u00a0\u00bb3\/4&Prime;][vc_column_text css=\u00a0\u00bb\u00a0\u00bb]<\/p>\n<h3 style=\"text-align: left;\">Une Phase d&rsquo;Investigation<\/h3>\n<p>[\/vc_column_text][\/vc_column_inner][\/vc_row_inner][vc_empty_space][vc_column_text css=\u00a0\u00bb\u00a0\u00bb]<\/p>\n<p dir=\"ltr\">Construction du projet et\/ou l\u2019Elaboration de plusieurs pistes avec pertinence en explorant :<\/p>\n<p dir=\"ltr\">-la pr\u00e9paration au changement<\/p>\n<p dir=\"ltr\">-la d\u00e9couverte de soi<\/p>\n<p dir=\"ltr\">-l\u2019analyse des comp\u00e9tences<\/p>\n<p dir=\"ltr\">-le passage \u00e0 l\u2019action<\/p>\n<p>[\/vc_column_text][\/vc_column][vc_column width=\u00a0\u00bb1\/3&Prime;][vc_row_inner][vc_column_inner width=\u00a0\u00bb1\/4&Prime;][vc_icon icon_fontawesome=\u00a0\u00bbfa fa-solid fa-clipboard\u00a0\u00bb color=\u00a0\u00bbgreen\u00a0\u00bb size=\u00a0\u00bblg\u00a0\u00bb css=\u00a0\u00bb\u00a0\u00bb][\/vc_column_inner][vc_column_inner width=\u00a0\u00bb3\/4&Prime;][vc_column_text css=\u00a0\u00bb\u00a0\u00bb]<\/p>\n<h3 style=\"text-align: left;\">Une Phase de Conclusion<\/h3>\n<p>[\/vc_column_text][\/vc_column_inner][\/vc_row_inner][vc_empty_space][vc_column_text css=\u00a0\u00bb\u00a0\u00bb]<\/p>\n<p dir=\"ltr\">Construction du projet et\/ou l\u2019Elaboration de plusieurs pistes avec pertinence en explorant :<\/p>\n<p dir=\"ltr\">-la pr\u00e9paration au changement<\/p>\n<p dir=\"ltr\">-la d\u00e9couverte de soi<\/p>\n<p dir=\"ltr\">-l\u2019analyse des comp\u00e9tences<\/p>\n<p dir=\"ltr\">-le passage \u00e0 l\u2019action<\/p>\n<p>[\/vc_column_text][\/vc_column][\/vc_row][vc_row][vc_column][vc_empty_space height=\u00a0\u00bb50px\u00a0\u00bb][\/vc_column][\/vc_row][vc_row full_width=\u00a0\u00bbstretch_row\u00a0\u00bb gap=\u00a0\u00bb10&Prime; equal_height=\u00a0\u00bbyes\u00a0\u00bb content_placement=\u00a0\u00bbmiddle\u00a0\u00bb bg_type=\u00a0\u00bbbg_color\u00a0\u00bb bg_color_value=\u00a0\u00bb#8BBA3F\u00a0\u00bb][vc_column width=\u00a0\u00bb1\/5&Prime;][vc_column_text css=\u00a0\u00bb\u00a0\u00bb]<\/p>\n<p style=\"text-align: center;\">Entre 6 et 9 s\u00e9ances de 1h30 en visio<\/p>\n<p style=\"text-align: center;\">Travail personnel dirig\u00e9 entre les s\u00e9ances<\/p>\n<p>[\/vc_column_text][\/vc_column][vc_column width=\u00a0\u00bb1\/5&Prime;][vc_column_text css=\u00a0\u00bb\u00a0\u00bb]<\/p>\n<p style=\"text-align: center;\">Approche personnalis\u00e9e<\/p>\n<p style=\"text-align: center;\">Livret de suivi<\/p>\n<p>[\/vc_column_text][\/vc_column][vc_column width=\u00a0\u00bb1\/5&Prime;][vc_column_text css=\u00a0\u00bb\u00a0\u00bb]<\/p>\n<p style=\"text-align: center;\">Tests Psychom\u00e9triques<\/p>\n<p style=\"text-align: center;\">Libert\u00e9 dans le choix des outils<\/p>\n<p>[\/vc_column_text][\/vc_column][vc_column width=\u00a0\u00bb1\/5&Prime;][vc_column_text css=\u00a0\u00bb\u00a0\u00bb]<\/p>\n<p style=\"text-align: center;\">Plan d&rsquo;action coconstruit<\/p>\n<p style=\"text-align: center;\">Synth\u00e8se personnelle en fin de bilan<\/p>\n<p>[\/vc_column_text][\/vc_column][vc_column width=\u00a0\u00bb1\/5&Prime;][vc_column_text css=\u00a0\u00bb\u00a0\u00bb]<\/p>\n<p style=\"text-align: center;\">Suivi \u00e0 6 mois<\/p>\n<p style=\"text-align: center;\">Disponibilit\u00e9 garantie entre les s\u00e9ances<\/p>\n<p>[\/vc_column_text][\/vc_column][\/vc_row][vc_row full_height=\u00a0\u00bbyes\u00a0\u00bb equal_height=\u00a0\u00bbyes\u00a0\u00bb content_placement=\u00a0\u00bbmiddle\u00a0\u00bb][vc_column][vc_pricing_table heading=\u00a0\u00bbJusqu&rsquo;au 31 Mars 2026&Prime; subheading=\u00a0\u00bbBilan de 9h soit 6 s\u00e9ances\u00a0\u00bb currency=\u00a0\u00bb\u20ac\u00a0\u00bb price=\u00a0\u00bb619&Prime; period=\u00a0\u00bbau lieu de 989\u20ac\u00a0\u00bb btn_title=\u00a0\u00bbJe prends RDV\u00a0\u00bb btn_button_block=\u00a0\u00bb\u00a0\u00bb css=\u00a0\u00bb.vc_custom_1771688790985{background-color: #ECECEC !important;}\u00a0\u00bb btn_link=\u00a0\u00bburl:https%3A%2F%2Fiem-agility.com%2Findex.php%2Fcontact%2F|title:Contact|target:_blank\u00a0\u00bb]<\/p>\n<p style=\"text-align: center;\">9 heures soit 6 s\u00e9ances en visio<\/p>\n<p style=\"text-align: center;\">Acc\u00e8s \u00e0 l&rsquo;espace ressources Qualiobee<\/p>\n<p style=\"text-align: center;\">Livret Personnel de suivi<\/p>\n<p style=\"text-align: center;\">Tests Psychom\u00e9triques<\/p>\n<p>&nbsp;<\/p>\n<p style=\"text-align: center;\"><em><strong>Financement en direct de votre plan de formation &#8211; Pas de prise en charge OPCO ni CPF sur cette offre<\/strong><\/em><\/p>\n<p>[\/vc_pricing_table][\/vc_column][\/vc_row]<\/p>\n<\/div>","protected":false},"excerpt":{"rendered":"<p>[vc_row][vc_column width=\u00a0\u00bb1\/4&Prime;][vc_single_image image=\u00a0\u00bb7746&Prime; img_size=\u00a0\u00bbfull\u00a0\u00bb css=\u00a0\u00bb\u00a0\u00bb][\/vc_column][vc_column width=\u00a0\u00bb3\/4&Prime;][vc_column_text css=\u00a0\u00bb\u00a0\u00bb] Positionnez vous comme partenaire de travers\u00e9e ! Les doutes et questionnements font pleinement partie de la gestion de carri\u00e8re, les accompagner c\u2019est se positionner comme un partenaire de travers\u00e9e ! Vos salari\u00e9s seront guid\u00e9s pour passer vers une nouvelle \u00e9tape, gr\u00e2ce \u00e0 vous ! Souvent associ\u00e9 \u00e0 tord&hellip;<\/p>\n","protected":false},"author":1,"featured_media":7746,"parent":47,"menu_order":0,"comment_status":"closed","ping_status":"closed","template":"","meta":{"footnotes":""},"class_list":["post-7522","page","type-page","status-publish","has-post-thumbnail","hentry","description-off"],"_links":{"self":[{"href":"https:\/\/iem-agility.com\/index.php\/wp-json\/wp\/v2\/pages\/7522","targetHints":{"allow":["GET"]}}],"collection":[{"href":"https:\/\/iem-agility.com\/index.php\/wp-json\/wp\/v2\/pages"}],"about":[{"href":"https:\/\/iem-agility.com\/index.php\/wp-json\/wp\/v2\/types\/page"}],"author":[{"embeddable":true,"href":"https:\/\/iem-agility.com\/index.php\/wp-json\/wp\/v2\/users\/1"}],"replies":[{"embeddable":true,"href":"https:\/\/iem-agility.com\/index.php\/wp-json\/wp\/v2\/comments?post=7522"}],"version-history":[{"count":47,"href":"https:\/\/iem-agility.com\/index.php\/wp-json\/wp\/v2\/pages\/7522\/revisions"}],"predecessor-version":[{"id":7804,"href":"https:\/\/iem-agility.com\/index.php\/wp-json\/wp\/v2\/pages\/7522\/revisions\/7804"}],"up":[{"embeddable":true,"href":"https:\/\/iem-agility.com\/index.php\/wp-json\/wp\/v2\/pages\/47"}],"wp:featuredmedia":[{"embeddable":true,"href":"https:\/\/iem-agility.com\/index.php\/wp-json\/wp\/v2\/media\/7746"}],"wp:attachment":[{"href":"https:\/\/iem-agility.com\/index.php\/wp-json\/wp\/v2\/media?parent=7522"}],"curies":[{"name":"wp","href":"https:\/\/api.w.org\/{rel}","templated":true}]}}